{"id":172,"date":"2022-05-17T07:53:16","date_gmt":"2022-05-17T07:53:16","guid":{"rendered":"https:\/\/follow-us.org\/?page_id=172"},"modified":"2024-11-08T12:11:35","modified_gmt":"2024-11-08T11:11:35","slug":"project-results","status":"publish","type":"page","link":"https:\/\/follow-us.org\/ro\/project-results\/","title":{"rendered":"Rezultatele proiectului"},"content":{"rendered":"\t\t<div data-elementor-type=\"wp-page\" data-elementor-id=\"172\" class=\"elementor elementor-172\">\n\t\t\t\t\t\t<section class=\"elementor-section elementor-top-section elementor-element elementor-element-0534963 elementor-section-height-min-height elementor-section-boxed elementor-section-height-default elementor-section-items-middle elementor-invisible\" data-id=\"0534963\" data-element_type=\"section\" data-e-type=\"section\" data-settings=\"{&quot;background_background&quot;:&quot;classic&quot;,&quot;animation&quot;:&quot;fadeInDown&quot;}\">\n\t\t\t\t\t\t<div class=\"elementor-container elementor-column-gap-default\">\n\t\t\t\t\t<div class=\"elementor-column elementor-col-50 elementor-top-column elementor-element elementor-element-0acff5d\" data-id=\"0acff5d\" data-element_type=\"column\" data-e-type=\"column\">\n\t\t\t<div class=\"elementor-widget-wrap elementor-element-populated\">\n\t\t\t\t\t\t<div class=\"elementor-element elementor-element-cfadf96 elementor-widget elementor-widget-image\" data-id=\"cfadf96\" data-element_type=\"widget\" data-e-type=\"widget\" data-widget_type=\"image.default\">\n\t\t\t\t<div class=\"elementor-widget-container\">\n\t\t\t\t\t\t\t\t\t\t\t\t\t\t\t<img decoding=\"async\" width=\"172\" height=\"264\" src=\"https:\/\/i0.wp.com\/follow-us.org\/wp-content\/uploads\/2022\/05\/web34e86.png?fit=172%2C264&amp;ssl=1\" class=\"attachment-large size-large wp-image-180\" alt=\"\" \/>\t\t\t\t\t\t\t\t\t\t\t\t\t\t\t<\/div>\n\t\t\t\t<\/div>\n\t\t\t\t\t<\/div>\n\t\t<\/div>\n\t\t\t\t<div class=\"elementor-column elementor-col-50 elementor-top-column elementor-element elementor-element-e2101ba\" data-id=\"e2101ba\" data-element_type=\"column\" data-e-type=\"column\">\n\t\t\t<div class=\"elementor-widget-wrap elementor-element-populated\">\n\t\t\t\t\t\t<div class=\"elementor-element elementor-element-4722363 elementor-widget elementor-widget-heading\" data-id=\"4722363\" data-element_type=\"widget\" data-e-type=\"widget\" data-widget_type=\"heading.default\">\n\t\t\t\t<div class=\"elementor-widget-container\">\n\t\t\t\t\t<h2 class=\"elementor-heading-title elementor-size-default\">IL PROGRAMMA DI FORMAZIONE PER NEET FOLLOW-US <\/h2>\t\t\t\t<\/div>\n\t\t\t\t<\/div>\n\t\t\t\t<div class=\"elementor-element elementor-element-a5b1ae4 elementor-widget elementor-widget-heading\" data-id=\"a5b1ae4\" data-element_type=\"widget\" data-e-type=\"widget\" data-widget_type=\"heading.default\">\n\t\t\t\t<div class=\"elementor-widget-container\">\n\t\t\t\t\t<h2 class=\"elementor-heading-title elementor-size-medium\">RISULTATO DEL PROGETTO 1<\/h2>\t\t\t\t<\/div>\n\t\t\t\t<\/div>\n\t\t\t\t<div class=\"elementor-element elementor-element-cd758d0 elementor-widget elementor-widget-text-editor\" data-id=\"cd758d0\" data-element_type=\"widget\" data-e-type=\"widget\" data-widget_type=\"text-editor.default\">\n\t\t\t\t<div class=\"elementor-widget-container\">\n\t\t\t\t\t\t\t\t\t<p><\/p><p>Il Programma di Formazione Follow-us per NEET \u00e8 un piano educativo completo ed innovativo volto a formare, motivare e stimolare i NEET utilizzando i social media come contenuto principale. Questo programma senza precedenti di 125 ore sar\u00e0 realizzato su misura per i gruppi target dei progetti e consentir\u00e0 loro di diventare Community Manager che offrono i propri servizi alle Piccole e Medie Imprese.<\/p><p>Consister\u00e0 di due blocchi principali: i moduli di competenze chiave e i moduli sui social media. I moduli principali: i moduli di competenze chiave li supporteranno nello sfruttare le loro capacit\u00e0 e motivazioni personali, per creare valore dal loro lavoro come Social Media Manager. D&#8217;altra parte, i moduli Social Media saranno specifici per le competenze necessarie per diventare un Community Manager.<\/p>\t\t\t\t\t\t\t\t<\/div>\n\t\t\t\t<\/div>\n\t\t\t\t\t<\/div>\n\t\t<\/div>\n\t\t\t\t\t<\/div>\n\t\t<\/section>\n\t\t\t\t<section class=\"elementor-section elementor-top-section elementor-element elementor-element-a292cbd elementor-section-height-min-height elementor-section-boxed elementor-section-height-default elementor-section-items-middle elementor-invisible\" data-id=\"a292cbd\" data-element_type=\"section\" data-e-type=\"section\" data-settings=\"{&quot;animation&quot;:&quot;fadeInLeft&quot;}\">\n\t\t\t\t\t\t<div class=\"elementor-container elementor-column-gap-default\">\n\t\t\t\t\t<div class=\"elementor-column elementor-col-50 elementor-top-column elementor-element elementor-element-645c84a\" data-id=\"645c84a\" data-element_type=\"column\" data-e-type=\"column\">\n\t\t\t<div class=\"elementor-widget-wrap elementor-element-populated\">\n\t\t\t\t\t\t<div class=\"elementor-element elementor-element-dbe3835 elementor-widget elementor-widget-heading\" data-id=\"dbe3835\" data-element_type=\"widget\" data-e-type=\"widget\" data-widget_type=\"heading.default\">\n\t\t\t\t<div class=\"elementor-widget-container\">\n\t\t\t\t\t<h2 class=\"elementor-heading-title elementor-size-medium\">RISULTATO DEL PROGETTO 2<\/h2>\t\t\t\t<\/div>\n\t\t\t\t<\/div>\n\t\t\t\t<div class=\"elementor-element elementor-element-d00cdcc elementor-widget elementor-widget-text-editor\" data-id=\"d00cdcc\" data-element_type=\"widget\" data-e-type=\"widget\" data-widget_type=\"text-editor.default\">\n\t\t\t\t<div class=\"elementor-widget-container\">\n\t\t\t\t\t\t\t\t\t<p><\/p><p>Questo corso online basato sul programma per i NEET former\u00e0 ed educher\u00e0 gli operatori sociali in un modo nuovo ed efficace per diventare educatori competenti del Programma di Formazione Follow-us.<\/p><p>Il corso di 15 giorni sar\u00e0 progettato per fornire le conoscenze e le abilit\u00e0 necessarie agli educatori in modo semplice: avr\u00e0 una struttura modulare e comprender\u00e0 argomenti quali i social media, il marketing digitale, i metodi di insegnamento delle competenze chiave ed il supporto all&#8217;occupazione ed all&#8217;imprenditorialit\u00e0. Con questa efficace strategia, le organizzazioni che attueranno il Programma di Formazione Follow-us , durante e dopo il ciclo di attivit\u00e0 del progetto, agiranno come &#8220;sportelli unici&#8221; di facile accesso promossi da Garanzia Giovani, in quanto saranno centri in cui i NEET potranno accedere a formazione, certificazioni e sostegno nel passaggio al mondo del lavoro, ma sar\u00e0 anche un luogo dove potranno trovare motivazione, coinvolgimento e supporto dei loro coetanei per evitare future emarginazioni.<\/p>\t\t\t\t\t\t\t\t<\/div>\n\t\t\t\t<\/div>\n\t\t\t\t\t<\/div>\n\t\t<\/div>\n\t\t\t\t<div class=\"elementor-column elementor-col-50 elementor-top-column elementor-element elementor-element-ac95858\" data-id=\"ac95858\" data-element_type=\"column\" data-e-type=\"column\">\n\t\t\t<div class=\"elementor-widget-wrap elementor-element-populated\">\n\t\t\t\t\t\t<div class=\"elementor-element elementor-element-2611bc9 elementor-widget elementor-widget-image\" data-id=\"2611bc9\" data-element_type=\"widget\" data-e-type=\"widget\" data-widget_type=\"image.default\">\n\t\t\t\t<div class=\"elementor-widget-container\">\n\t\t\t\t\t\t\t\t\t\t\t\t\t\t\t<img fetchpriority=\"high\" decoding=\"async\" width=\"289\" height=\"224\" src=\"https:\/\/i0.wp.com\/follow-us.org\/wp-content\/uploads\/2022\/05\/web4_orig.png?fit=289%2C224&amp;ssl=1\" class=\"attachment-large size-large wp-image-193\" alt=\"\" \/>\t\t\t\t\t\t\t\t\t\t\t\t\t\t\t<\/div>\n\t\t\t\t<\/div>\n\t\t\t\t\t<\/div>\n\t\t<\/div>\n\t\t\t\t\t<\/div>\n\t\t<\/section>\n\t\t\t\t<section class=\"elementor-section elementor-top-section elementor-element elementor-element-2684966 elementor-section-height-min-height elementor-section-boxed elementor-section-height-default elementor-section-items-middle elementor-invisible\" data-id=\"2684966\" data-element_type=\"section\" data-e-type=\"section\" data-settings=\"{&quot;background_background&quot;:&quot;classic&quot;,&quot;animation&quot;:&quot;fadeInRight&quot;}\">\n\t\t\t\t\t\t<div class=\"elementor-container elementor-column-gap-default\">\n\t\t\t\t\t<div class=\"elementor-column elementor-col-50 elementor-top-column elementor-element elementor-element-3334a03\" data-id=\"3334a03\" data-element_type=\"column\" data-e-type=\"column\">\n\t\t\t<div class=\"elementor-widget-wrap elementor-element-populated\">\n\t\t\t\t\t\t<div class=\"elementor-element elementor-element-6b57cde elementor-widget elementor-widget-image\" data-id=\"6b57cde\" data-element_type=\"widget\" data-e-type=\"widget\" data-widget_type=\"image.default\">\n\t\t\t\t<div class=\"elementor-widget-container\">\n\t\t\t\t\t\t\t\t\t\t\t\t\t\t\t<img decoding=\"async\" width=\"183\" height=\"223\" src=\"https:\/\/i0.wp.com\/follow-us.org\/wp-content\/uploads\/2022\/05\/web5_orig.png?fit=183%2C223&amp;ssl=1\" class=\"attachment-large size-large wp-image-194\" alt=\"\" \/>\t\t\t\t\t\t\t\t\t\t\t\t\t\t\t<\/div>\n\t\t\t\t<\/div>\n\t\t\t\t\t<\/div>\n\t\t<\/div>\n\t\t\t\t<div class=\"elementor-column elementor-col-50 elementor-top-column elementor-element elementor-element-5ee1efb\" data-id=\"5ee1efb\" data-element_type=\"column\" data-e-type=\"column\">\n\t\t\t<div class=\"elementor-widget-wrap elementor-element-populated\">\n\t\t\t\t\t\t<div class=\"elementor-element elementor-element-0bf4dfa elementor-widget elementor-widget-text-editor\" data-id=\"0bf4dfa\" data-element_type=\"widget\" data-e-type=\"widget\" data-widget_type=\"text-editor.default\">\n\t\t\t\t<div class=\"elementor-widget-container\">\n\t\t\t\t\t\t\t\t\t<p><span style=\"font-size: medium;\"><\/span><\/p><p><span style=\"font-size: medium;\"><\/p><p>La piattaforma Follow-us sar\u00e0 una piattaforma Web e Mobile, che consentir\u00e0, da un lato, alle PMI di richiedere servizi social gratuiti sotto forma di lavori una tantum e, dall&#8217;altro, ai giovani di offrire questi servizi applicando quanto nel Programma Follow-us, con l&#8217;obiettivo di ottenere un certificato di Community Manager dopo aver completato con successo 10 lavori una tantum.<\/p><p>La piattaforma consentir\u00e0 inoltre agli studenti di acquisire esperienza, creare una rete di contatti e aumentare la propria occupabilit\u00e0. Gli educatori saranno anch&#8217;essi presenti sull&#8217;App interagendo con gli studenti per rispondere a possibili domande o situazioni difficili che potrebbero presentarsi.<\/p>\t\t\t\t\t\t\t\t<\/div>\n\t\t\t\t<\/div>\n\t\t\t\t\t<\/div>\n\t\t<\/div>\n\t\t\t\t\t<\/div>\n\t\t<\/section>\n\t\t\t\t<\/div>\n\t\t","protected":false},"excerpt":{"rendered":"<p>PROGRAMUL DE FORMARE FOLLOW-US PENTRU NEETS REZULTATUL PROIECTULUI 1 Programul de formare Follow-us pentru NEETs este un plan educa\u021bional complet inovator care vizeaz\u0103 formarea, motivarea \u0219i reactivarea NEETs prin utilizarea re\u021belelor sociale ca con\u021binut de baz\u0103. Acest program f\u0103r\u0103 precedent de 125 de ore este adaptat pentru grupurile \u021bint\u0103 ale proiectelor \u0219i le permite s\u0103&hellip;&nbsp;<\/p>\n","protected":false},"author":1,"featured_media":0,"parent":0,"menu_order":0,"comment_status":"closed","ping_status":"closed","template":"page-templates\/template-pagebuilder-full-width.php","meta":{"nf_dc_page":"","om_disable_all_campaigns":false,"neve_meta_sidebar":"","neve_meta_container":"","neve_meta_enable_content_width":"off","neve_meta_content_width":100,"neve_meta_title_alignment":"","neve_meta_author_avatar":"","neve_post_elements_order":"","neve_meta_disable_header":"","neve_meta_disable_footer":"","neve_meta_disable_title":"","footnotes":""},"class_list":["post-172","page","type-page","status-publish","hentry"],"yoast_head":"<!-- This site is optimized with the Yoast SEO plugin v27.4 - https:\/\/yoast.com\/product\/yoast-seo-wordpress\/ -->\n<title>Rezultatele proiectului - Follow-us<\/title>\n<meta name=\"robots\" content=\"index, follow, max-snippet:-1, max-image-preview:large, max-video-preview:-1\" \/>\n<link rel=\"canonical\" href=\"https:\/\/follow-us.org\/ro\/project-results\/\" \/>\n<meta property=\"og:locale\" content=\"ro_RO\" \/>\n<meta property=\"og:type\" content=\"article\" \/>\n<meta property=\"og:title\" content=\"Rezultatele proiectului - Follow-us\" \/>\n<meta property=\"og:description\" content=\"PROGRAMUL DE FORMARE FOLLOW-US PENTRU NEETS REZULTATUL PROIECTULUI 1 Programul de formare Follow-us pentru NEETs este un plan educa\u021bional complet inovator care vizeaz\u0103 formarea, motivarea \u0219i reactivarea NEETs prin utilizarea re\u021belelor sociale ca con\u021binut de baz\u0103. Acest program f\u0103r\u0103 precedent de 125 de ore este adaptat pentru grupurile \u021bint\u0103 ale proiectelor \u0219i le permite s\u0103&hellip;&nbsp;\" \/>\n<meta property=\"og:url\" content=\"https:\/\/follow-us.org\/ro\/project-results\/\" \/>\n<meta property=\"og:site_name\" content=\"Follow-us\" \/>\n<meta property=\"article:publisher\" content=\"https:\/\/www.facebook.com\/followus_eu\" \/>\n<meta property=\"article:modified_time\" content=\"2024-11-08T11:11:35+00:00\" \/>\n<meta property=\"og:image\" content=\"https:\/\/i0.wp.com\/follow-us.org\/wp-content\/uploads\/2022\/05\/web34e86.png?fit=172%2C264&ssl=1\" \/>\n\t<meta property=\"og:image:width\" content=\"172\" \/>\n\t<meta property=\"og:image:height\" content=\"264\" \/>\n\t<meta property=\"og:image:type\" content=\"image\/png\" \/>\n<meta name=\"twitter:card\" content=\"summary_large_image\" \/>\n<meta name=\"twitter:site\" content=\"@followus_eu\" \/>\n<meta name=\"twitter:label1\" content=\"Timp estimat pentru citire\" \/>\n\t<meta name=\"twitter:data1\" content=\"9 minute\" \/>\n<script type=\"application\/ld+json\" class=\"yoast-schema-graph\">{\"@context\":\"https:\\\/\\\/schema.org\",\"@graph\":[{\"@type\":\"WebPage\",\"@id\":\"https:\\\/\\\/follow-us.org\\\/ro\\\/project-results\\\/\",\"url\":\"https:\\\/\\\/follow-us.org\\\/ro\\\/project-results\\\/\",\"name\":\"Rezultatele proiectului - Follow-us\",\"isPartOf\":{\"@id\":\"https:\\\/\\\/follow-us.org\\\/ro\\\/#website\"},\"primaryImageOfPage\":{\"@id\":\"https:\\\/\\\/follow-us.org\\\/ro\\\/project-results\\\/#primaryimage\"},\"image\":{\"@id\":\"https:\\\/\\\/follow-us.org\\\/project-results\\\/#primaryimage\"},\"thumbnailUrl\":\"https:\\\/\\\/follow-us.org\\\/wp-content\\\/uploads\\\/2022\\\/05\\\/web34e86.png\",\"datePublished\":\"2022-05-17T07:53:16+00:00\",\"dateModified\":\"2024-11-08T11:11:35+00:00\",\"breadcrumb\":{\"@id\":\"https:\\\/\\\/follow-us.org\\\/ro\\\/project-results\\\/#breadcrumb\"},\"inLanguage\":\"ro-RO\",\"potentialAction\":[{\"@type\":\"ReadAction\",\"target\":[[\"https:\\\/\\\/follow-us.org\\\/ro\\\/project-results\\\/\"]]}]},{\"@type\":\"ImageObject\",\"inLanguage\":\"ro-RO\",\"@id\":\"https:\\\/\\\/follow-us.org\\\/ro\\\/project-results\\\/#primaryimage\",\"url\":\"https:\\\/\\\/follow-us.org\\\/wp-content\\\/uploads\\\/2022\\\/05\\\/web34e86.png\",\"contentUrl\":\"https:\\\/\\\/follow-us.org\\\/wp-content\\\/uploads\\\/2022\\\/05\\\/web34e86.png\"},{\"@type\":\"BreadcrumbList\",\"@id\":\"https:\\\/\\\/follow-us.org\\\/ro\\\/project-results\\\/#breadcrumb\",\"itemListElement\":[{\"@type\":\"ListItem\",\"position\":1,\"name\":\"Home\",\"item\":\"https:\\\/\\\/follow-us.org\\\/ro\\\/\"},{\"@type\":\"ListItem\",\"position\":2,\"name\":\"Project results\"}]},{\"@type\":\"WebSite\",\"@id\":\"https:\\\/\\\/follow-us.org\\\/ro\\\/#website\",\"url\":\"https:\\\/\\\/follow-us.org\\\/ro\\\/\",\"name\":\"Follow-us\",\"description\":\"Project\",\"publisher\":{\"@id\":\"https:\\\/\\\/follow-us.org\\\/ro\\\/#organization\"},\"potentialAction\":[{\"@type\":\"SearchAction\",\"target\":{\"@type\":\"EntryPoint\",\"urlTemplate\":\"https:\\\/\\\/follow-us.org\\\/ro\\\/?s={search_term_string}\"},\"query-input\":{\"@type\":\"PropertyValueSpecification\",\"valueRequired\":true,\"valueName\":\"search_term_string\"}}],\"inLanguage\":\"ro-RO\"},{\"@type\":\"Organization\",\"@id\":\"https:\\\/\\\/follow-us.org\\\/ro\\\/#organization\",\"name\":\"Follow US\",\"url\":\"https:\\\/\\\/follow-us.org\\\/ro\\\/\",\"logo\":{\"@type\":\"ImageObject\",\"inLanguage\":\"ro-RO\",\"@id\":\"https:\\\/\\\/follow-us.org\\\/ro\\\/#\\\/schema\\\/logo\\\/image\\\/\",\"url\":\"https:\\\/\\\/follow-us.org\\\/wp-content\\\/uploads\\\/2022\\\/05\\\/With-edges_no-background.png\",\"contentUrl\":\"https:\\\/\\\/follow-us.org\\\/wp-content\\\/uploads\\\/2022\\\/05\\\/With-edges_no-background.png\",\"width\":2010,\"height\":1244,\"caption\":\"Follow US\"},\"image\":{\"@id\":\"https:\\\/\\\/follow-us.org\\\/ro\\\/#\\\/schema\\\/logo\\\/image\\\/\"},\"sameAs\":[\"https:\\\/\\\/www.facebook.com\\\/followus_eu\",\"https:\\\/\\\/x.com\\\/followus_eu\",\"https:\\\/\\\/www.instagram.com\\\/followus_project_eu\\\/\",\"https:\\\/\\\/www.linkedin.com\\\/company\\\/78685985\"]}]}<\/script>\n<!-- \/ Yoast SEO plugin. -->","yoast_head_json":{"title":"Rezultatele proiectului - Follow-us","robots":{"index":"index","follow":"follow","max-snippet":"max-snippet:-1","max-image-preview":"max-image-preview:large","max-video-preview":"max-video-preview:-1"},"canonical":"https:\/\/follow-us.org\/ro\/project-results\/","og_locale":"ro_RO","og_type":"article","og_title":"Rezultatele proiectului - Follow-us","og_description":"PROGRAMUL DE FORMARE FOLLOW-US PENTRU NEETS REZULTATUL PROIECTULUI 1 Programul de formare Follow-us pentru NEETs este un plan educa\u021bional complet inovator care vizeaz\u0103 formarea, motivarea \u0219i reactivarea NEETs prin utilizarea re\u021belelor sociale ca con\u021binut de baz\u0103. Acest program f\u0103r\u0103 precedent de 125 de ore este adaptat pentru grupurile \u021bint\u0103 ale proiectelor \u0219i le permite s\u0103&hellip;&nbsp;","og_url":"https:\/\/follow-us.org\/ro\/project-results\/","og_site_name":"Follow-us","article_publisher":"https:\/\/www.facebook.com\/followus_eu","article_modified_time":"2024-11-08T11:11:35+00:00","og_image":[{"width":172,"height":264,"url":"https:\/\/i0.wp.com\/follow-us.org\/wp-content\/uploads\/2022\/05\/web34e86.png?fit=172%2C264&ssl=1","type":"image\/png"}],"twitter_card":"summary_large_image","twitter_site":"@followus_eu","twitter_misc":{"Timp estimat pentru citire":"9 minute"},"schema":{"@context":"https:\/\/schema.org","@graph":[{"@type":"WebPage","@id":"https:\/\/follow-us.org\/ro\/project-results\/","url":"https:\/\/follow-us.org\/ro\/project-results\/","name":"Rezultatele proiectului - Follow-us","isPartOf":{"@id":"https:\/\/follow-us.org\/ro\/#website"},"primaryImageOfPage":{"@id":"https:\/\/follow-us.org\/ro\/project-results\/#primaryimage"},"image":{"@id":"https:\/\/follow-us.org\/project-results\/#primaryimage"},"thumbnailUrl":"https:\/\/follow-us.org\/wp-content\/uploads\/2022\/05\/web34e86.png","datePublished":"2022-05-17T07:53:16+00:00","dateModified":"2024-11-08T11:11:35+00:00","breadcrumb":{"@id":"https:\/\/follow-us.org\/ro\/project-results\/#breadcrumb"},"inLanguage":"ro-RO","potentialAction":[{"@type":"ReadAction","target":[["https:\/\/follow-us.org\/ro\/project-results\/"]]}]},{"@type":"ImageObject","inLanguage":"ro-RO","@id":"https:\/\/follow-us.org\/ro\/project-results\/#primaryimage","url":"https:\/\/follow-us.org\/wp-content\/uploads\/2022\/05\/web34e86.png","contentUrl":"https:\/\/follow-us.org\/wp-content\/uploads\/2022\/05\/web34e86.png"},{"@type":"BreadcrumbList","@id":"https:\/\/follow-us.org\/ro\/project-results\/#breadcrumb","itemListElement":[{"@type":"ListItem","position":1,"name":"Home","item":"https:\/\/follow-us.org\/ro\/"},{"@type":"ListItem","position":2,"name":"Project results"}]},{"@type":"WebSite","@id":"https:\/\/follow-us.org\/ro\/#website","url":"https:\/\/follow-us.org\/ro\/","name":"Follow-us","description":"Project","publisher":{"@id":"https:\/\/follow-us.org\/ro\/#organization"},"potentialAction":[{"@type":"SearchAction","target":{"@type":"EntryPoint","urlTemplate":"https:\/\/follow-us.org\/ro\/?s={search_term_string}"},"query-input":{"@type":"PropertyValueSpecification","valueRequired":true,"valueName":"search_term_string"}}],"inLanguage":"ro-RO"},{"@type":"Organization","@id":"https:\/\/follow-us.org\/ro\/#organization","name":"Follow US","url":"https:\/\/follow-us.org\/ro\/","logo":{"@type":"ImageObject","inLanguage":"ro-RO","@id":"https:\/\/follow-us.org\/ro\/#\/schema\/logo\/image\/","url":"https:\/\/follow-us.org\/wp-content\/uploads\/2022\/05\/With-edges_no-background.png","contentUrl":"https:\/\/follow-us.org\/wp-content\/uploads\/2022\/05\/With-edges_no-background.png","width":2010,"height":1244,"caption":"Follow US"},"image":{"@id":"https:\/\/follow-us.org\/ro\/#\/schema\/logo\/image\/"},"sameAs":["https:\/\/www.facebook.com\/followus_eu","https:\/\/x.com\/followus_eu","https:\/\/www.instagram.com\/followus_project_eu\/","https:\/\/www.linkedin.com\/company\/78685985"]}]}},"jetpack_sharing_enabled":true,"_links":{"self":[{"href":"https:\/\/follow-us.org\/ro\/wp-json\/wp\/v2\/pages\/172","targetHints":{"allow":["GET"]}}],"collection":[{"href":"https:\/\/follow-us.org\/ro\/wp-json\/wp\/v2\/pages"}],"about":[{"href":"https:\/\/follow-us.org\/ro\/wp-json\/wp\/v2\/types\/page"}],"author":[{"embeddable":true,"href":"https:\/\/follow-us.org\/ro\/wp-json\/wp\/v2\/users\/1"}],"replies":[{"embeddable":true,"href":"https:\/\/follow-us.org\/ro\/wp-json\/wp\/v2\/comments?post=172"}],"version-history":[{"count":86,"href":"https:\/\/follow-us.org\/ro\/wp-json\/wp\/v2\/pages\/172\/revisions"}],"predecessor-version":[{"id":953,"href":"https:\/\/follow-us.org\/ro\/wp-json\/wp\/v2\/pages\/172\/revisions\/953"}],"wp:attachment":[{"href":"https:\/\/follow-us.org\/ro\/wp-json\/wp\/v2\/media?parent=172"}],"curies":[{"name":"wp","href":"https:\/\/api.w.org\/{rel}","templated":true}]}}