{"id":229,"date":"2022-05-17T08:10:40","date_gmt":"2022-05-17T08:10:40","guid":{"rendered":"https:\/\/follow-us.org\/?page_id=229"},"modified":"2024-11-08T12:14:02","modified_gmt":"2024-11-08T11:14:02","slug":"newsflashes","status":"publish","type":"page","link":"https:\/\/follow-us.org\/it\/newsflashes\/","title":{"rendered":"Newsflashes"},"content":{"rendered":"\t\t<div data-elementor-type=\"wp-page\" data-elementor-id=\"229\" class=\"elementor elementor-229\">\n\t\t\t\t\t\t<section class=\"elementor-section elementor-top-section elementor-element elementor-element-32b8cc8 elementor-section-height-min-height elementor-section-boxed elementor-section-height-default elementor-section-items-middle\" data-id=\"32b8cc8\" data-element_type=\"section\" data-e-type=\"section\" data-settings=\"{&quot;background_background&quot;:&quot;classic&quot;}\">\n\t\t\t\t\t\t<div class=\"elementor-container elementor-column-gap-default\">\n\t\t\t\t\t<div class=\"elementor-column elementor-col-100 elementor-top-column elementor-element elementor-element-1b5028c elementor-invisible\" data-id=\"1b5028c\" data-element_type=\"column\" data-e-type=\"column\" data-settings=\"{&quot;animation&quot;:&quot;fadeInRight&quot;}\">\n\t\t\t<div class=\"elementor-widget-wrap elementor-element-populated\">\n\t\t\t\t\t\t<div class=\"elementor-element elementor-element-2e0838a elementor-widget elementor-widget-heading\" data-id=\"2e0838a\" data-element_type=\"widget\" data-e-type=\"widget\" data-widget_type=\"heading.default\">\n\t\t\t\t<div class=\"elementor-widget-container\">\n\t\t\t\t\t<h2 class=\"elementor-heading-title elementor-size-xxl\">Nout\u0103\u021bi<\/h2>\t\t\t\t<\/div>\n\t\t\t\t<\/div>\n\t\t\t\t<div class=\"elementor-element elementor-element-5e8e31b elementor-widget elementor-widget-text-editor\" data-id=\"5e8e31b\" data-element_type=\"widget\" data-e-type=\"widget\" data-widget_type=\"text-editor.default\">\n\t\t\t\t<div class=\"elementor-widget-container\">\n\t\t\t\t\t\t\t\t\t<p>Vrei s\u0103 afli despre tot ce am f\u0103cut \u00een timpul proiectului? Nu rata cele 9 Newsflash-uri care au fost publicate pe parcursul proiectului!<\/p>\t\t\t\t\t\t\t\t<\/div>\n\t\t\t\t<\/div>\n\t\t\t\t\t<\/div>\n\t\t<\/div>\n\t\t\t\t\t<\/div>\n\t\t<\/section>\n\t\t\t\t<section class=\"elementor-section elementor-top-section elementor-element elementor-element-d4b897c elementor-section-boxed elementor-section-height-default elementor-section-height-default\" data-id=\"d4b897c\" data-element_type=\"section\" data-e-type=\"section\">\n\t\t\t\t\t\t<div class=\"elementor-container elementor-column-gap-default\">\n\t\t\t\t\t<div class=\"elementor-column elementor-col-100 elementor-top-column elementor-element elementor-element-1e2e616\" data-id=\"1e2e616\" data-element_type=\"column\" data-e-type=\"column\">\n\t\t\t<div class=\"elementor-widget-wrap elementor-element-populated\">\n\t\t\t\t\t\t<div class=\"elementor-element elementor-element-8fb2d9d elementor-widget elementor-widget-text-editor\" data-id=\"8fb2d9d\" data-element_type=\"widget\" data-e-type=\"widget\" data-widget_type=\"text-editor.default\">\n\t\t\t\t<div class=\"elementor-widget-container\">\n\t\t\t\t\t\t\t\t\t<div style=\"text-align: center;\">\n\n\n\n\n\n\n\n\n\n\n\n<div style=\"width: 1200px;\" class=\"wp-video\"><video class=\"wp-video-shortcode\" id=\"video-229-1\" width=\"1200\" height=\"675\" preload=\"metadata\" controls=\"controls\"><source type=\"video\/mp4\" src=\"https:\/\/follow-us.org\/wp-content\/uploads\/2023\/11\/FOLLOW-US-NEWSFLASH-1-RO.mp4?_=1\" \/><a href=\"https:\/\/follow-us.org\/wp-content\/uploads\/2023\/11\/FOLLOW-US-NEWSFLASH-1-RO.mp4\">https:\/\/follow-us.org\/wp-content\/uploads\/2023\/11\/FOLLOW-US-NEWSFLASH-1-RO.mp4<\/a><\/video><\/div>\n\n\n\n<\/div>\t\t\t\t\t\t\t\t<\/div>\n\t\t\t\t<\/div>\n\t\t\t\t\t<\/div>\n\t\t<\/div>\n\t\t\t\t\t<\/div>\n\t\t<\/section>\n\t\t\t\t<section class=\"elementor-section elementor-top-section elementor-element elementor-element-f6760b6 elementor-section-boxed elementor-section-height-default elementor-section-height-default\" data-id=\"f6760b6\" data-element_type=\"section\" data-e-type=\"section\">\n\t\t\t\t\t\t<div class=\"elementor-container elementor-column-gap-default\">\n\t\t\t\t\t<div class=\"elementor-column elementor-col-100 elementor-top-column elementor-element elementor-element-e6e2004\" data-id=\"e6e2004\" data-element_type=\"column\" data-e-type=\"column\">\n\t\t\t<div class=\"elementor-widget-wrap elementor-element-populated\">\n\t\t\t\t\t\t<div class=\"elementor-element elementor-element-d1c566d elementor-widget elementor-widget-text-editor\" data-id=\"d1c566d\" data-element_type=\"widget\" data-e-type=\"widget\" data-widget_type=\"text-editor.default\">\n\t\t\t\t<div class=\"elementor-widget-container\">\n\t\t\t\t\t\t\t\t\t<div style=\"text-align: center;\">\n\n\n\n\n\n\n\n\n\n\n\n<div style=\"width: 1200px;\" class=\"wp-video\"><video class=\"wp-video-shortcode\" id=\"video-229-2\" width=\"1200\" height=\"675\" preload=\"metadata\" controls=\"controls\"><source type=\"video\/mp4\" src=\"https:\/\/follow-us.org\/wp-content\/uploads\/2023\/11\/FOLLOW-US-NEWSFLASH-2-RO.mp4?_=2\" \/><a href=\"https:\/\/follow-us.org\/wp-content\/uploads\/2023\/11\/FOLLOW-US-NEWSFLASH-2-RO.mp4\">https:\/\/follow-us.org\/wp-content\/uploads\/2023\/11\/FOLLOW-US-NEWSFLASH-2-RO.mp4<\/a><\/video><\/div>\n\n\n\n<\/div>\t\t\t\t\t\t\t\t<\/div>\n\t\t\t\t<\/div>\n\t\t\t\t\t<\/div>\n\t\t<\/div>\n\t\t\t\t\t<\/div>\n\t\t<\/section>\n\t\t\t\t<section class=\"elementor-section elementor-top-section elementor-element elementor-element-ebc54f0 elementor-section-boxed elementor-section-height-default elementor-section-height-default\" data-id=\"ebc54f0\" data-element_type=\"section\" data-e-type=\"section\">\n\t\t\t\t\t\t<div class=\"elementor-container elementor-column-gap-default\">\n\t\t\t\t\t<div class=\"elementor-column elementor-col-100 elementor-top-column elementor-element elementor-element-b857770\" data-id=\"b857770\" data-element_type=\"column\" data-e-type=\"column\">\n\t\t\t<div class=\"elementor-widget-wrap elementor-element-populated\">\n\t\t\t\t\t\t<div class=\"elementor-element elementor-element-0cfc730 elementor-widget elementor-widget-text-editor\" data-id=\"0cfc730\" data-element_type=\"widget\" data-e-type=\"widget\" data-widget_type=\"text-editor.default\">\n\t\t\t\t<div class=\"elementor-widget-container\">\n\t\t\t\t\t\t\t\t\t<div style=\"text-align: center;\">\n\n\n\n\n\n\n\n\n\n\n\n\n<div style=\"width: 1200px;\" class=\"wp-video\"><video class=\"wp-video-shortcode\" id=\"video-229-3\" width=\"1200\" height=\"675\" preload=\"metadata\" controls=\"controls\"><source type=\"video\/mp4\" src=\"https:\/\/follow-us.org\/wp-content\/uploads\/2023\/03\/NEWSFLASH-3-RO.mp4?_=3\" \/><a href=\"https:\/\/follow-us.org\/wp-content\/uploads\/2023\/03\/NEWSFLASH-3-RO.mp4\">https:\/\/follow-us.org\/wp-content\/uploads\/2023\/03\/NEWSFLASH-3-RO.mp4<\/a><\/video><\/div>\n\n\n<\/div>\t\t\t\t\t\t\t\t<\/div>\n\t\t\t\t<\/div>\n\t\t\t\t\t<\/div>\n\t\t<\/div>\n\t\t\t\t\t<\/div>\n\t\t<\/section>\n\t\t\t\t<section class=\"elementor-section elementor-top-section elementor-element elementor-element-d3d43d6 elementor-section-boxed elementor-section-height-default elementor-section-height-default\" data-id=\"d3d43d6\" data-element_type=\"section\" data-e-type=\"section\">\n\t\t\t\t\t\t<div class=\"elementor-container elementor-column-gap-default\">\n\t\t\t\t\t<div class=\"elementor-column elementor-col-100 elementor-top-column elementor-element elementor-element-bd7e952\" data-id=\"bd7e952\" data-element_type=\"column\" data-e-type=\"column\">\n\t\t\t<div class=\"elementor-widget-wrap elementor-element-populated\">\n\t\t\t\t\t\t<div class=\"elementor-element elementor-element-ad84d75 elementor-widget elementor-widget-text-editor\" data-id=\"ad84d75\" data-element_type=\"widget\" data-e-type=\"widget\" data-widget_type=\"text-editor.default\">\n\t\t\t\t<div class=\"elementor-widget-container\">\n\t\t\t\t\t\t\t\t\t<div style=\"text-align: center;\">\n\n\n\n\n\n\n\n<div style=\"width: 1200px;\" class=\"wp-video\"><video class=\"wp-video-shortcode\" id=\"video-229-4\" width=\"1200\" height=\"675\" preload=\"metadata\" controls=\"controls\"><source type=\"video\/mp4\" src=\"https:\/\/follow-us.org\/wp-content\/uploads\/2023\/03\/FOLLOWUS-Newsflash-4-RO.mp4?_=4\" \/><a href=\"https:\/\/follow-us.org\/wp-content\/uploads\/2023\/03\/FOLLOWUS-Newsflash-4-RO.mp4\">https:\/\/follow-us.org\/wp-content\/uploads\/2023\/03\/FOLLOWUS-Newsflash-4-RO.mp4<\/a><\/video><\/div>\n\n\n\n\n\n\n\n\n\n<\/div>\t\t\t\t\t\t\t\t<\/div>\n\t\t\t\t<\/div>\n\t\t\t\t\t<\/div>\n\t\t<\/div>\n\t\t\t\t\t<\/div>\n\t\t<\/section>\n\t\t\t\t<section class=\"elementor-section elementor-top-section elementor-element elementor-element-4cd3f07 elementor-section-boxed elementor-section-height-default elementor-section-height-default\" data-id=\"4cd3f07\" data-element_type=\"section\" data-e-type=\"section\">\n\t\t\t\t\t\t<div class=\"elementor-container elementor-column-gap-default\">\n\t\t\t\t\t<div class=\"elementor-column elementor-col-100 elementor-top-column elementor-element elementor-element-e9cf518\" data-id=\"e9cf518\" data-element_type=\"column\" data-e-type=\"column\">\n\t\t\t<div class=\"elementor-widget-wrap elementor-element-populated\">\n\t\t\t\t\t\t<div class=\"elementor-element elementor-element-4876150 elementor-widget elementor-widget-text-editor\" data-id=\"4876150\" data-element_type=\"widget\" data-e-type=\"widget\" data-widget_type=\"text-editor.default\">\n\t\t\t\t<div class=\"elementor-widget-container\">\n\t\t\t\t\t\t\t\t\t<div style=\"text-align: center;\">\n\n\n\n\n\n\n\n<div style=\"width: 1200px;\" class=\"wp-video\"><video class=\"wp-video-shortcode\" id=\"video-229-5\" width=\"1200\" height=\"675\" preload=\"metadata\" controls=\"controls\"><source type=\"video\/mp4\" src=\"https:\/\/follow-us.org\/wp-content\/uploads\/2023\/11\/NEWSFLASH-5-RO.mp4?_=5\" \/><a href=\"https:\/\/follow-us.org\/wp-content\/uploads\/2023\/11\/NEWSFLASH-5-RO.mp4\">https:\/\/follow-us.org\/wp-content\/uploads\/2023\/11\/NEWSFLASH-5-RO.mp4<\/a><\/video><\/div>\n\n\n\n\n\n\n\n\n\n<\/div>\t\t\t\t\t\t\t\t<\/div>\n\t\t\t\t<\/div>\n\t\t\t\t\t<\/div>\n\t\t<\/div>\n\t\t\t\t\t<\/div>\n\t\t<\/section>\n\t\t\t\t<section class=\"elementor-section elementor-top-section elementor-element elementor-element-84b5971 elementor-section-boxed elementor-section-height-default elementor-section-height-default\" data-id=\"84b5971\" data-element_type=\"section\" data-e-type=\"section\">\n\t\t\t\t\t\t<div class=\"elementor-container elementor-column-gap-default\">\n\t\t\t\t\t<div class=\"elementor-column elementor-col-100 elementor-top-column elementor-element elementor-element-7533364\" data-id=\"7533364\" data-element_type=\"column\" data-e-type=\"column\">\n\t\t\t<div class=\"elementor-widget-wrap elementor-element-populated\">\n\t\t\t\t\t\t<div class=\"elementor-element elementor-element-cb332ab elementor-widget elementor-widget-text-editor\" data-id=\"cb332ab\" data-element_type=\"widget\" data-e-type=\"widget\" data-widget_type=\"text-editor.default\">\n\t\t\t\t<div class=\"elementor-widget-container\">\n\t\t\t\t\t\t\t\t\t<div style=\"text-align: center;\">\n\n\n\n\n\n\n\n<div style=\"width: 1200px;\" class=\"wp-video\"><video class=\"wp-video-shortcode\" id=\"video-229-6\" width=\"1200\" height=\"675\" preload=\"metadata\" controls=\"controls\"><source type=\"video\/mp4\" src=\"https:\/\/follow-us.org\/wp-content\/uploads\/2023\/11\/FOLLOW-US-NEWSFLASH-6-RO.mp4?_=6\" \/><a href=\"https:\/\/follow-us.org\/wp-content\/uploads\/2023\/11\/FOLLOW-US-NEWSFLASH-6-RO.mp4\">https:\/\/follow-us.org\/wp-content\/uploads\/2023\/11\/FOLLOW-US-NEWSFLASH-6-RO.mp4<\/a><\/video><\/div>\n\n\n\n\n\n\n\n\n\n<\/div>\t\t\t\t\t\t\t\t<\/div>\n\t\t\t\t<\/div>\n\t\t\t\t\t<\/div>\n\t\t<\/div>\n\t\t\t\t\t<\/div>\n\t\t<\/section>\n\t\t\t\t<section class=\"elementor-section elementor-top-section elementor-element elementor-element-5834967 elementor-section-boxed elementor-section-height-default elementor-section-height-default\" data-id=\"5834967\" data-element_type=\"section\" data-e-type=\"section\">\n\t\t\t\t\t\t<div class=\"elementor-container elementor-column-gap-default\">\n\t\t\t\t\t<div class=\"elementor-column elementor-col-100 elementor-top-column elementor-element elementor-element-2c6e3a7\" data-id=\"2c6e3a7\" data-element_type=\"column\" data-e-type=\"column\">\n\t\t\t<div class=\"elementor-widget-wrap elementor-element-populated\">\n\t\t\t\t\t\t<div class=\"elementor-element elementor-element-557c4ed elementor-widget elementor-widget-text-editor\" data-id=\"557c4ed\" data-element_type=\"widget\" data-e-type=\"widget\" data-widget_type=\"text-editor.default\">\n\t\t\t\t<div class=\"elementor-widget-container\">\n\t\t\t\t\t\t\t\t\t<div style=\"text-align: center;\">\n\n\n\n\n\n\n\n<div style=\"width: 1200px;\" class=\"wp-video\"><video class=\"wp-video-shortcode\" id=\"video-229-7\" width=\"1200\" height=\"675\" preload=\"metadata\" controls=\"controls\"><source type=\"video\/mp4\" src=\"https:\/\/follow-us.org\/wp-content\/uploads\/2024\/06\/FOLLOW-US-NEWSFLASH-7_RO.mp4?_=7\" \/><a href=\"https:\/\/follow-us.org\/wp-content\/uploads\/2024\/06\/FOLLOW-US-NEWSFLASH-7_RO.mp4\">https:\/\/follow-us.org\/wp-content\/uploads\/2024\/06\/FOLLOW-US-NEWSFLASH-7_RO.mp4<\/a><\/video><\/div>\n\n\n\n\n\n\n\n\n\n<\/div>\t\t\t\t\t\t\t\t<\/div>\n\t\t\t\t<\/div>\n\t\t\t\t\t<\/div>\n\t\t<\/div>\n\t\t\t\t\t<\/div>\n\t\t<\/section>\n\t\t\t\t<section class=\"elementor-section elementor-top-section elementor-element elementor-element-3a936a5 elementor-section-boxed elementor-section-height-default elementor-section-height-default\" data-id=\"3a936a5\" data-element_type=\"section\" data-e-type=\"section\">\n\t\t\t\t\t\t<div class=\"elementor-container elementor-column-gap-default\">\n\t\t\t\t\t<div class=\"elementor-column elementor-col-100 elementor-top-column elementor-element elementor-element-cea69c0\" data-id=\"cea69c0\" data-element_type=\"column\" data-e-type=\"column\">\n\t\t\t<div class=\"elementor-widget-wrap elementor-element-populated\">\n\t\t\t\t\t\t<div class=\"elementor-element elementor-element-7821d61 elementor-widget elementor-widget-text-editor\" data-id=\"7821d61\" data-element_type=\"widget\" data-e-type=\"widget\" data-widget_type=\"text-editor.default\">\n\t\t\t\t<div class=\"elementor-widget-container\">\n\t\t\t\t\t\t\t\t\t<div style=\"text-align: center;\"><p><\/p><p><\/p><p><\/p><div style=\"width: 1200px;\" class=\"wp-video\"><video class=\"wp-video-shortcode\" id=\"video-229-8\" width=\"1200\" height=\"675\" preload=\"metadata\" controls=\"controls\"><source type=\"video\/mp4\" src=\"https:\/\/follow-us.org\/wp-content\/uploads\/2024\/06\/FOLLOW-US-NEWSFLASH-7_RO.mp4?_=8\" \/><a href=\"https:\/\/follow-us.org\/wp-content\/uploads\/2024\/06\/FOLLOW-US-NEWSFLASH-7_RO.mp4\">https:\/\/follow-us.org\/wp-content\/uploads\/2024\/06\/FOLLOW-US-NEWSFLASH-7_RO.mp4<\/a><\/video><\/div><p><\/p><p><\/p><p><\/p><p><\/p><\/div>\t\t\t\t\t\t\t\t<\/div>\n\t\t\t\t<\/div>\n\t\t\t\t\t<\/div>\n\t\t<\/div>\n\t\t\t\t\t<\/div>\n\t\t<\/section>\n\t\t\t\t<section class=\"elementor-section elementor-top-section elementor-element elementor-element-a406c21 elementor-section-boxed elementor-section-height-default elementor-section-height-default\" data-id=\"a406c21\" data-element_type=\"section\" data-e-type=\"section\">\n\t\t\t\t\t\t<div class=\"elementor-container elementor-column-gap-default\">\n\t\t\t\t\t<div class=\"elementor-column elementor-col-100 elementor-top-column elementor-element elementor-element-1b65352\" data-id=\"1b65352\" data-element_type=\"column\" data-e-type=\"column\">\n\t\t\t<div class=\"elementor-widget-wrap elementor-element-populated\">\n\t\t\t\t\t\t<div class=\"elementor-element elementor-element-c6b906c elementor-widget elementor-widget-text-editor\" data-id=\"c6b906c\" data-element_type=\"widget\" data-e-type=\"widget\" data-widget_type=\"text-editor.default\">\n\t\t\t\t<div class=\"elementor-widget-container\">\n\t\t\t\t\t\t\t\t\t<div style=\"text-align: center;\"><p><\/p><p><\/p><p><\/p><div style=\"width: 1200px;\" class=\"wp-video\"><video class=\"wp-video-shortcode\" id=\"video-229-9\" width=\"1200\" height=\"675\" preload=\"metadata\" controls=\"controls\"><source type=\"video\/mp4\" src=\"https:\/\/follow-us.org\/wp-content\/uploads\/2024\/06\/FOLLOW-US-NEWSFLASH-7_RO.mp4?_=9\" \/><a href=\"https:\/\/follow-us.org\/wp-content\/uploads\/2024\/06\/FOLLOW-US-NEWSFLASH-7_RO.mp4\">https:\/\/follow-us.org\/wp-content\/uploads\/2024\/06\/FOLLOW-US-NEWSFLASH-7_RO.mp4<\/a><\/video><\/div><p><\/p><p><\/p><p><\/p><p><\/p><\/div>\t\t\t\t\t\t\t\t<\/div>\n\t\t\t\t<\/div>\n\t\t\t\t\t<\/div>\n\t\t<\/div>\n\t\t\t\t\t<\/div>\n\t\t<\/section>\n\t\t\t\t<\/div>\n\t\t","protected":false},"excerpt":{"rendered":"<p>Newsflashes Do you want to learn about everything we have done during the project? Do not miss our 9 News Flashes that were published throughout the project!<\/p>\n","protected":false},"author":1,"featured_media":0,"parent":0,"menu_order":0,"comment_status":"closed","ping_status":"closed","template":"page-templates\/template-pagebuilder-full-width.php","meta":{"nf_dc_page":"","om_disable_all_campaigns":false,"neve_meta_sidebar":"","neve_meta_container":"","neve_meta_enable_content_width":"off","neve_meta_content_width":100,"neve_meta_title_alignment":"","neve_meta_author_avatar":"","neve_post_elements_order":"","neve_meta_disable_header":"","neve_meta_disable_footer":"","neve_meta_disable_title":"","footnotes":""},"class_list":["post-229","page","type-page","status-publish","hentry"],"yoast_head":"<!-- This site is optimized with the Yoast SEO plugin v27.4 - https:\/\/yoast.com\/product\/yoast-seo-wordpress\/ -->\n<title>Newsflashes - Follow-us<\/title>\n<meta name=\"robots\" content=\"index, follow, max-snippet:-1, max-image-preview:large, max-video-preview:-1\" \/>\n<link rel=\"canonical\" href=\"https:\/\/follow-us.org\/it\/newsflashes\/\" \/>\n<meta property=\"og:locale\" content=\"it_IT\" \/>\n<meta property=\"og:type\" content=\"article\" \/>\n<meta property=\"og:title\" content=\"Newsflashes - Follow-us\" \/>\n<meta property=\"og:description\" content=\"Newsflashes Do you want to learn about everything we have done during the project? Do not miss our 9 News Flashes that were published throughout the project!\" \/>\n<meta property=\"og:url\" content=\"https:\/\/follow-us.org\/it\/newsflashes\/\" \/>\n<meta property=\"og:site_name\" content=\"Follow-us\" \/>\n<meta property=\"article:publisher\" content=\"https:\/\/www.facebook.com\/followus_eu\" \/>\n<meta property=\"article:modified_time\" content=\"2024-11-08T11:14:02+00:00\" \/>\n<meta name=\"twitter:card\" content=\"summary_large_image\" \/>\n<meta name=\"twitter:site\" content=\"@followus_eu\" \/>\n<meta name=\"twitter:label1\" content=\"Tempo di lettura stimato\" \/>\n\t<meta name=\"twitter:data1\" content=\"2 minuti\" \/>\n<script type=\"application\/ld+json\" class=\"yoast-schema-graph\">{\"@context\":\"https:\\\/\\\/schema.org\",\"@graph\":[{\"@type\":\"WebPage\",\"@id\":\"https:\\\/\\\/follow-us.org\\\/it\\\/newsflashes\\\/\",\"url\":\"https:\\\/\\\/follow-us.org\\\/it\\\/newsflashes\\\/\",\"name\":\"Newsflashes - Follow-us\",\"isPartOf\":{\"@id\":\"https:\\\/\\\/follow-us.org\\\/it\\\/#website\"},\"datePublished\":\"2022-05-17T08:10:40+00:00\",\"dateModified\":\"2024-11-08T11:14:02+00:00\",\"breadcrumb\":{\"@id\":\"https:\\\/\\\/follow-us.org\\\/it\\\/newsflashes\\\/#breadcrumb\"},\"inLanguage\":\"it-IT\",\"potentialAction\":[{\"@type\":\"ReadAction\",\"target\":[[\"https:\\\/\\\/follow-us.org\\\/it\\\/newsflashes\\\/\"]]}]},{\"@type\":\"BreadcrumbList\",\"@id\":\"https:\\\/\\\/follow-us.org\\\/it\\\/newsflashes\\\/#breadcrumb\",\"itemListElement\":[{\"@type\":\"ListItem\",\"position\":1,\"name\":\"Home\",\"item\":\"https:\\\/\\\/follow-us.org\\\/it\\\/\"},{\"@type\":\"ListItem\",\"position\":2,\"name\":\"Newsflashes\"}]},{\"@type\":\"WebSite\",\"@id\":\"https:\\\/\\\/follow-us.org\\\/it\\\/#website\",\"url\":\"https:\\\/\\\/follow-us.org\\\/it\\\/\",\"name\":\"Follow-us\",\"description\":\"Project\",\"publisher\":{\"@id\":\"https:\\\/\\\/follow-us.org\\\/it\\\/#organization\"},\"potentialAction\":[{\"@type\":\"SearchAction\",\"target\":{\"@type\":\"EntryPoint\",\"urlTemplate\":\"https:\\\/\\\/follow-us.org\\\/it\\\/?s={search_term_string}\"},\"query-input\":{\"@type\":\"PropertyValueSpecification\",\"valueRequired\":true,\"valueName\":\"search_term_string\"}}],\"inLanguage\":\"it-IT\"},{\"@type\":\"Organization\",\"@id\":\"https:\\\/\\\/follow-us.org\\\/it\\\/#organization\",\"name\":\"Follow US\",\"url\":\"https:\\\/\\\/follow-us.org\\\/it\\\/\",\"logo\":{\"@type\":\"ImageObject\",\"inLanguage\":\"it-IT\",\"@id\":\"https:\\\/\\\/follow-us.org\\\/it\\\/#\\\/schema\\\/logo\\\/image\\\/\",\"url\":\"https:\\\/\\\/follow-us.org\\\/wp-content\\\/uploads\\\/2022\\\/05\\\/With-edges_no-background.png\",\"contentUrl\":\"https:\\\/\\\/follow-us.org\\\/wp-content\\\/uploads\\\/2022\\\/05\\\/With-edges_no-background.png\",\"width\":2010,\"height\":1244,\"caption\":\"Follow US\"},\"image\":{\"@id\":\"https:\\\/\\\/follow-us.org\\\/it\\\/#\\\/schema\\\/logo\\\/image\\\/\"},\"sameAs\":[\"https:\\\/\\\/www.facebook.com\\\/followus_eu\",\"https:\\\/\\\/x.com\\\/followus_eu\",\"https:\\\/\\\/www.instagram.com\\\/followus_project_eu\\\/\",\"https:\\\/\\\/www.linkedin.com\\\/company\\\/78685985\"]}]}<\/script>\n<!-- \/ Yoast SEO plugin. -->","yoast_head_json":{"title":"Newsflashes - Follow-us","robots":{"index":"index","follow":"follow","max-snippet":"max-snippet:-1","max-image-preview":"max-image-preview:large","max-video-preview":"max-video-preview:-1"},"canonical":"https:\/\/follow-us.org\/it\/newsflashes\/","og_locale":"it_IT","og_type":"article","og_title":"Newsflashes - Follow-us","og_description":"Newsflashes Do you want to learn about everything we have done during the project? Do not miss our 9 News Flashes that were published throughout the project!","og_url":"https:\/\/follow-us.org\/it\/newsflashes\/","og_site_name":"Follow-us","article_publisher":"https:\/\/www.facebook.com\/followus_eu","article_modified_time":"2024-11-08T11:14:02+00:00","twitter_card":"summary_large_image","twitter_site":"@followus_eu","twitter_misc":{"Tempo di lettura stimato":"2 minuti"},"schema":{"@context":"https:\/\/schema.org","@graph":[{"@type":"WebPage","@id":"https:\/\/follow-us.org\/it\/newsflashes\/","url":"https:\/\/follow-us.org\/it\/newsflashes\/","name":"Newsflashes - Follow-us","isPartOf":{"@id":"https:\/\/follow-us.org\/it\/#website"},"datePublished":"2022-05-17T08:10:40+00:00","dateModified":"2024-11-08T11:14:02+00:00","breadcrumb":{"@id":"https:\/\/follow-us.org\/it\/newsflashes\/#breadcrumb"},"inLanguage":"it-IT","potentialAction":[{"@type":"ReadAction","target":[["https:\/\/follow-us.org\/it\/newsflashes\/"]]}]},{"@type":"BreadcrumbList","@id":"https:\/\/follow-us.org\/it\/newsflashes\/#breadcrumb","itemListElement":[{"@type":"ListItem","position":1,"name":"Home","item":"https:\/\/follow-us.org\/it\/"},{"@type":"ListItem","position":2,"name":"Newsflashes"}]},{"@type":"WebSite","@id":"https:\/\/follow-us.org\/it\/#website","url":"https:\/\/follow-us.org\/it\/","name":"Follow-us","description":"Project","publisher":{"@id":"https:\/\/follow-us.org\/it\/#organization"},"potentialAction":[{"@type":"SearchAction","target":{"@type":"EntryPoint","urlTemplate":"https:\/\/follow-us.org\/it\/?s={search_term_string}"},"query-input":{"@type":"PropertyValueSpecification","valueRequired":true,"valueName":"search_term_string"}}],"inLanguage":"it-IT"},{"@type":"Organization","@id":"https:\/\/follow-us.org\/it\/#organization","name":"Follow US","url":"https:\/\/follow-us.org\/it\/","logo":{"@type":"ImageObject","inLanguage":"it-IT","@id":"https:\/\/follow-us.org\/it\/#\/schema\/logo\/image\/","url":"https:\/\/follow-us.org\/wp-content\/uploads\/2022\/05\/With-edges_no-background.png","contentUrl":"https:\/\/follow-us.org\/wp-content\/uploads\/2022\/05\/With-edges_no-background.png","width":2010,"height":1244,"caption":"Follow US"},"image":{"@id":"https:\/\/follow-us.org\/it\/#\/schema\/logo\/image\/"},"sameAs":["https:\/\/www.facebook.com\/followus_eu","https:\/\/x.com\/followus_eu","https:\/\/www.instagram.com\/followus_project_eu\/","https:\/\/www.linkedin.com\/company\/78685985"]}]}},"jetpack_sharing_enabled":true,"_links":{"self":[{"href":"https:\/\/follow-us.org\/it\/wp-json\/wp\/v2\/pages\/229","targetHints":{"allow":["GET"]}}],"collection":[{"href":"https:\/\/follow-us.org\/it\/wp-json\/wp\/v2\/pages"}],"about":[{"href":"https:\/\/follow-us.org\/it\/wp-json\/wp\/v2\/types\/page"}],"author":[{"embeddable":true,"href":"https:\/\/follow-us.org\/it\/wp-json\/wp\/v2\/users\/1"}],"replies":[{"embeddable":true,"href":"https:\/\/follow-us.org\/it\/wp-json\/wp\/v2\/comments?post=229"}],"version-history":[{"count":8,"href":"https:\/\/follow-us.org\/it\/wp-json\/wp\/v2\/pages\/229\/revisions"}],"predecessor-version":[{"id":956,"href":"https:\/\/follow-us.org\/it\/wp-json\/wp\/v2\/pages\/229\/revisions\/956"}],"wp:attachment":[{"href":"https:\/\/follow-us.org\/it\/wp-json\/wp\/v2\/media?parent=229"}],"curies":[{"name":"wp","href":"https:\/\/api.w.org\/{rel}","templated":true}]}}