{"id":14,"date":"2022-05-09T18:30:37","date_gmt":"2022-05-09T18:30:37","guid":{"rendered":"https:\/\/follow-us.org\/?page_id=14"},"modified":"2024-11-08T11:57:18","modified_gmt":"2024-11-08T10:57:18","slug":"home","status":"publish","type":"page","link":"https:\/\/follow-us.org\/it\/","title":{"rendered":"Home"},"content":{"rendered":"\t\t<div data-elementor-type=\"wp-page\" data-elementor-id=\"14\" class=\"elementor elementor-14\">\n\t\t\t\t\t\t<section class=\"elementor-section elementor-top-section elementor-element elementor-element-8128917 elementor-section-height-min-height elementor-section-boxed elementor-section-height-default elementor-section-items-middle\" data-id=\"8128917\" data-element_type=\"section\" data-e-type=\"section\" data-settings=\"{&quot;background_background&quot;:&quot;classic&quot;}\">\n\t\t\t\t\t\t<div class=\"elementor-container elementor-column-gap-default\">\n\t\t\t\t\t<div class=\"elementor-column elementor-col-100 elementor-top-column elementor-element elementor-element-89657c4\" data-id=\"89657c4\" data-element_type=\"column\" data-e-type=\"column\">\n\t\t\t<div class=\"elementor-widget-wrap\">\n\t\t\t\t\t\t\t<\/div>\n\t\t<\/div>\n\t\t\t\t\t<\/div>\n\t\t<\/section>\n\t\t\t\t<section class=\"elementor-section elementor-top-section elementor-element elementor-element-89e2d2b elementor-section-boxed elementor-section-height-default elementor-section-height-default\" data-id=\"89e2d2b\" data-element_type=\"section\" data-e-type=\"section\">\n\t\t\t\t\t\t<div class=\"elementor-container elementor-column-gap-default\">\n\t\t\t\t\t<div class=\"elementor-column elementor-col-50 elementor-top-column elementor-element elementor-element-51f2d45\" data-id=\"51f2d45\" data-element_type=\"column\" data-e-type=\"column\">\n\t\t\t<div class=\"elementor-widget-wrap elementor-element-populated\">\n\t\t\t\t\t\t<div class=\"elementor-element elementor-element-05528de elementor-widget elementor-widget-image\" data-id=\"05528de\" data-element_type=\"widget\" data-e-type=\"widget\" data-widget_type=\"image.default\">\n\t\t\t\t<div class=\"elementor-widget-container\">\n\t\t\t\t\t\t\t\t\t\t\t\t\t\t\t<img fetchpriority=\"high\" decoding=\"async\" width=\"323\" height=\"345\" src=\"https:\/\/i0.wp.com\/follow-us.org\/wp-content\/uploads\/2022\/05\/web2e80f.png?fit=323%2C345&amp;ssl=1\" class=\"attachment-large size-large wp-image-42\" alt=\"\" srcset=\"https:\/\/i0.wp.com\/follow-us.org\/wp-content\/uploads\/2022\/05\/web2e80f.png?w=323&amp;ssl=1 323w, https:\/\/i0.wp.com\/follow-us.org\/wp-content\/uploads\/2022\/05\/web2e80f.png?resize=281%2C300&amp;ssl=1 281w\" sizes=\"(max-width: 323px) 100vw, 323px\" \/>\t\t\t\t\t\t\t\t\t\t\t\t\t\t\t<\/div>\n\t\t\t\t<\/div>\n\t\t\t\t\t<\/div>\n\t\t<\/div>\n\t\t\t\t<div class=\"elementor-column elementor-col-50 elementor-top-column elementor-element elementor-element-22b5776\" data-id=\"22b5776\" data-element_type=\"column\" data-e-type=\"column\">\n\t\t\t<div class=\"elementor-widget-wrap elementor-element-populated\">\n\t\t\t\t\t\t<div class=\"elementor-element elementor-element-a8d06bd elementor-widget elementor-widget-heading\" data-id=\"a8d06bd\" data-element_type=\"widget\" data-e-type=\"widget\" data-widget_type=\"heading.default\">\n\t\t\t\t<div class=\"elementor-widget-container\">\n\t\t\t\t\t<h2 class=\"elementor-heading-title elementor-size-default\">I NEET come Social Media Manager per le PMI<\/h2>\t\t\t\t<\/div>\n\t\t\t\t<\/div>\n\t\t\t\t<div class=\"elementor-element elementor-element-089d7b9 elementor-widget elementor-widget-text-editor\" data-id=\"089d7b9\" data-element_type=\"widget\" data-e-type=\"widget\" data-widget_type=\"text-editor.default\">\n\t\t\t\t<div class=\"elementor-widget-container\">\n\t\t\t\t\t\t\t\t\t<p>Il progetto Follow-us \u00e8 un progetto Erasmus+ finanziato dall&#8217;Unione Europea in collaborazione con 8 partner. Il progetto \u00e8 iniziato nel novembre del 2021 ed avr\u00e0 una durata di 30 mesi.<\/p>\t\t\t\t\t\t\t\t<\/div>\n\t\t\t\t<\/div>\n\t\t\t\t<div class=\"elementor-element elementor-element-8ce89e6 elementor-align-center elementor-widget elementor-widget-button\" data-id=\"8ce89e6\" data-element_type=\"widget\" data-e-type=\"widget\" data-widget_type=\"button.default\">\n\t\t\t\t<div class=\"elementor-widget-container\">\n\t\t\t\t\t\t\t\t\t<div class=\"elementor-button-wrapper\">\n\t\t\t\t\t<a class=\"elementor-button elementor-button-link elementor-size-sm\" href=\"https:\/\/follow-us.org\/about\/\">\n\t\t\t\t\t\t<span class=\"elementor-button-content-wrapper\">\n\t\t\t\t\t\t\t\t\t<span class=\"elementor-button-text\">Scopri di pi\u00f9<\/span>\n\t\t\t\t\t<\/span>\n\t\t\t\t\t<\/a>\n\t\t\t\t<\/div>\n\t\t\t\t\t\t\t\t<\/div>\n\t\t\t\t<\/div>\n\t\t\t\t<div class=\"elementor-element elementor-element-cfd53f2 elementor-shape-rounded elementor-grid-0 e-grid-align-center elementor-widget elementor-widget-social-icons\" data-id=\"cfd53f2\" data-element_type=\"widget\" data-e-type=\"widget\" data-widget_type=\"social-icons.default\">\n\t\t\t\t<div class=\"elementor-widget-container\">\n\t\t\t\t\t\t\t<div class=\"elementor-social-icons-wrapper elementor-grid\" role=\"list\">\n\t\t\t\t\t\t\t<span class=\"elementor-grid-item\" role=\"listitem\">\n\t\t\t\t\t<a class=\"elementor-icon elementor-social-icon elementor-social-icon-facebook elementor-repeater-item-c292990\" href=\"https:\/\/www.facebook.com\/followus_eu\" target=\"_blank\">\n\t\t\t\t\t\t<span class=\"elementor-screen-only\">Facebook<\/span>\n\t\t\t\t\t\t<i aria-hidden=\"true\" class=\"fab fa-facebook\"><\/i>\t\t\t\t\t<\/a>\n\t\t\t\t<\/span>\n\t\t\t\t\t\t\t<span class=\"elementor-grid-item\" role=\"listitem\">\n\t\t\t\t\t<a class=\"elementor-icon elementor-social-icon elementor-social-icon-twitter elementor-repeater-item-65ce4db\" href=\"https:\/\/twitter.com\/followus_eu\" target=\"_blank\">\n\t\t\t\t\t\t<span class=\"elementor-screen-only\">Twitter<\/span>\n\t\t\t\t\t\t<i aria-hidden=\"true\" class=\"fab fa-twitter\"><\/i>\t\t\t\t\t<\/a>\n\t\t\t\t<\/span>\n\t\t\t\t\t\t\t<span class=\"elementor-grid-item\" role=\"listitem\">\n\t\t\t\t\t<a class=\"elementor-icon elementor-social-icon elementor-social-icon-instagram elementor-repeater-item-7a6cf74\" href=\"https:\/\/www.instagram.com\/followus_project_eu\/\" target=\"_blank\">\n\t\t\t\t\t\t<span class=\"elementor-screen-only\">Instagram<\/span>\n\t\t\t\t\t\t<i aria-hidden=\"true\" class=\"fab fa-instagram\"><\/i>\t\t\t\t\t<\/a>\n\t\t\t\t<\/span>\n\t\t\t\t\t\t\t<span class=\"elementor-grid-item\" role=\"listitem\">\n\t\t\t\t\t<a class=\"elementor-icon elementor-social-icon elementor-social-icon-linkedin elementor-repeater-item-d688693\" href=\"https:\/\/www.linkedin.com\/company\/78685985\" target=\"_blank\">\n\t\t\t\t\t\t<span class=\"elementor-screen-only\">Linkedin<\/span>\n\t\t\t\t\t\t<i aria-hidden=\"true\" class=\"fab fa-linkedin\"><\/i>\t\t\t\t\t<\/a>\n\t\t\t\t<\/span>\n\t\t\t\t\t<\/div>\n\t\t\t\t\t\t<\/div>\n\t\t\t\t<\/div>\n\t\t\t\t\t<\/div>\n\t\t<\/div>\n\t\t\t\t\t<\/div>\n\t\t<\/section>\n\t\t\t\t<section class=\"elementor-section elementor-top-section elementor-element elementor-element-24a86c2 elementor-section-boxed elementor-section-height-default elementor-section-height-default\" data-id=\"24a86c2\" data-element_type=\"section\" data-e-type=\"section\">\n\t\t\t\t\t\t<div class=\"elementor-container elementor-column-gap-default\">\n\t\t\t\t\t<div class=\"elementor-column elementor-col-100 elementor-top-column elementor-element elementor-element-e49202f\" data-id=\"e49202f\" data-element_type=\"column\" data-e-type=\"column\">\n\t\t\t<div class=\"elementor-widget-wrap\">\n\t\t\t\t\t\t\t<\/div>\n\t\t<\/div>\n\t\t\t\t\t<\/div>\n\t\t<\/section>\n\t\t\t\t<\/div>\n\t\t","protected":false},"excerpt":{"rendered":"<p>I NEET come Social Media Manager per le PMI Il progetto Follow-us \u00e8 un progetto Erasmus+ finanziato dall&#8217;Unione Europea in collaborazione con 8 partner. Il progetto \u00e8 iniziato nel novembre del 2021 ed avr\u00e0 una durata di 30 mesi. Scopri di pi\u00f9 Facebook Twitter Instagram Linkedin<\/p>\n","protected":false},"author":1,"featured_media":0,"parent":0,"menu_order":0,"comment_status":"closed","ping_status":"closed","template":"page-templates\/template-pagebuilder-full-width.php","meta":{"nf_dc_page":"home","om_disable_all_campaigns":false,"neve_meta_sidebar":"","neve_meta_container":"","neve_meta_enable_content_width":"off","neve_meta_content_width":100,"neve_meta_title_alignment":"","neve_meta_author_avatar":"","neve_post_elements_order":"","neve_meta_disable_header":"","neve_meta_disable_footer":"","neve_meta_disable_title":"","footnotes":""},"class_list":["post-14","page","type-page","status-publish","hentry"],"yoast_head":"<!-- This site is optimized with the Yoast SEO plugin v27.4 - https:\/\/yoast.com\/product\/yoast-seo-wordpress\/ -->\n<title>Home - Follow-us<\/title>\n<meta name=\"robots\" content=\"index, follow, max-snippet:-1, max-image-preview:large, max-video-preview:-1\" \/>\n<link rel=\"canonical\" href=\"https:\/\/follow-us.org\/it\/\" \/>\n<meta property=\"og:locale\" content=\"it_IT\" \/>\n<meta property=\"og:type\" content=\"article\" \/>\n<meta property=\"og:title\" content=\"Home - Follow-us\" \/>\n<meta property=\"og:description\" content=\"I NEET come Social Media Manager per le PMI Il progetto Follow-us \u00e8 un progetto Erasmus+ finanziato dall&#8217;Unione Europea in collaborazione con 8 partner. Il progetto \u00e8 iniziato nel novembre del 2021 ed avr\u00e0 una durata di 30 mesi. Scopri di pi\u00f9 Facebook Twitter Instagram Linkedin\" \/>\n<meta property=\"og:url\" content=\"https:\/\/follow-us.org\/it\/\" \/>\n<meta property=\"og:site_name\" content=\"Follow-us\" \/>\n<meta property=\"article:publisher\" content=\"https:\/\/www.facebook.com\/followus_eu\" \/>\n<meta property=\"article:modified_time\" content=\"2024-11-08T10:57:18+00:00\" \/>\n<meta property=\"og:image\" content=\"https:\/\/i0.wp.com\/follow-us.org\/wp-content\/uploads\/2022\/05\/web2e80f.png?fit=323%2C345&ssl=1\" \/>\n\t<meta property=\"og:image:width\" content=\"323\" \/>\n\t<meta property=\"og:image:height\" content=\"345\" \/>\n\t<meta property=\"og:image:type\" content=\"image\/png\" \/>\n<meta name=\"twitter:card\" content=\"summary_large_image\" \/>\n<meta name=\"twitter:site\" content=\"@followus_eu\" \/>\n<meta name=\"twitter:label1\" content=\"Tempo di lettura stimato\" \/>\n\t<meta name=\"twitter:data1\" content=\"2 minuti\" \/>\n<script type=\"application\/ld+json\" class=\"yoast-schema-graph\">{\"@context\":\"https:\\\/\\\/schema.org\",\"@graph\":[{\"@type\":\"WebPage\",\"@id\":\"https:\\\/\\\/follow-us.org\\\/it\\\/\",\"url\":\"https:\\\/\\\/follow-us.org\\\/it\\\/\",\"name\":\"Home - Follow-us\",\"isPartOf\":{\"@id\":\"https:\\\/\\\/follow-us.org\\\/it\\\/#website\"},\"primaryImageOfPage\":{\"@id\":\"https:\\\/\\\/follow-us.org\\\/it\\\/#primaryimage\"},\"image\":{\"@id\":\"https:\\\/\\\/follow-us.org\\\/#primaryimage\"},\"thumbnailUrl\":\"https:\\\/\\\/follow-us.org\\\/wp-content\\\/uploads\\\/2022\\\/05\\\/web2e80f.png\",\"datePublished\":\"2022-05-09T18:30:37+00:00\",\"dateModified\":\"2024-11-08T10:57:18+00:00\",\"breadcrumb\":{\"@id\":\"https:\\\/\\\/follow-us.org\\\/it\\\/#breadcrumb\"},\"inLanguage\":\"it-IT\",\"potentialAction\":[{\"@type\":\"ReadAction\",\"target\":[[\"https:\\\/\\\/follow-us.org\\\/it\\\/\"]]}]},{\"@type\":\"ImageObject\",\"inLanguage\":\"it-IT\",\"@id\":\"https:\\\/\\\/follow-us.org\\\/it\\\/#primaryimage\",\"url\":\"https:\\\/\\\/follow-us.org\\\/wp-content\\\/uploads\\\/2022\\\/05\\\/web2e80f.png\",\"contentUrl\":\"https:\\\/\\\/follow-us.org\\\/wp-content\\\/uploads\\\/2022\\\/05\\\/web2e80f.png\"},{\"@type\":\"BreadcrumbList\",\"@id\":\"https:\\\/\\\/follow-us.org\\\/it\\\/#breadcrumb\",\"itemListElement\":[{\"@type\":\"ListItem\",\"position\":1,\"name\":\"Home\",\"item\":\"https:\\\/\\\/follow-us.org\\\/it\\\/\"},{\"@type\":\"ListItem\",\"position\":2,\"name\":\"Home\"}]},{\"@type\":\"WebSite\",\"@id\":\"https:\\\/\\\/follow-us.org\\\/it\\\/#website\",\"url\":\"https:\\\/\\\/follow-us.org\\\/it\\\/\",\"name\":\"Follow-us\",\"description\":\"Project\",\"publisher\":{\"@id\":\"https:\\\/\\\/follow-us.org\\\/it\\\/#organization\"},\"potentialAction\":[{\"@type\":\"SearchAction\",\"target\":{\"@type\":\"EntryPoint\",\"urlTemplate\":\"https:\\\/\\\/follow-us.org\\\/it\\\/?s={search_term_string}\"},\"query-input\":{\"@type\":\"PropertyValueSpecification\",\"valueRequired\":true,\"valueName\":\"search_term_string\"}}],\"inLanguage\":\"it-IT\"},{\"@type\":\"Organization\",\"@id\":\"https:\\\/\\\/follow-us.org\\\/it\\\/#organization\",\"name\":\"Follow US\",\"url\":\"https:\\\/\\\/follow-us.org\\\/it\\\/\",\"logo\":{\"@type\":\"ImageObject\",\"inLanguage\":\"it-IT\",\"@id\":\"https:\\\/\\\/follow-us.org\\\/it\\\/#\\\/schema\\\/logo\\\/image\\\/\",\"url\":\"https:\\\/\\\/follow-us.org\\\/wp-content\\\/uploads\\\/2022\\\/05\\\/With-edges_no-background.png\",\"contentUrl\":\"https:\\\/\\\/follow-us.org\\\/wp-content\\\/uploads\\\/2022\\\/05\\\/With-edges_no-background.png\",\"width\":2010,\"height\":1244,\"caption\":\"Follow US\"},\"image\":{\"@id\":\"https:\\\/\\\/follow-us.org\\\/it\\\/#\\\/schema\\\/logo\\\/image\\\/\"},\"sameAs\":[\"https:\\\/\\\/www.facebook.com\\\/followus_eu\",\"https:\\\/\\\/x.com\\\/followus_eu\",\"https:\\\/\\\/www.instagram.com\\\/followus_project_eu\\\/\",\"https:\\\/\\\/www.linkedin.com\\\/company\\\/78685985\"]}]}<\/script>\n<!-- \/ Yoast SEO plugin. -->","yoast_head_json":{"title":"Home - Follow-us","robots":{"index":"index","follow":"follow","max-snippet":"max-snippet:-1","max-image-preview":"max-image-preview:large","max-video-preview":"max-video-preview:-1"},"canonical":"https:\/\/follow-us.org\/it\/","og_locale":"it_IT","og_type":"article","og_title":"Home - Follow-us","og_description":"I NEET come Social Media Manager per le PMI Il progetto Follow-us \u00e8 un progetto Erasmus+ finanziato dall&#8217;Unione Europea in collaborazione con 8 partner. Il progetto \u00e8 iniziato nel novembre del 2021 ed avr\u00e0 una durata di 30 mesi. Scopri di pi\u00f9 Facebook Twitter Instagram Linkedin","og_url":"https:\/\/follow-us.org\/it\/","og_site_name":"Follow-us","article_publisher":"https:\/\/www.facebook.com\/followus_eu","article_modified_time":"2024-11-08T10:57:18+00:00","og_image":[{"width":323,"height":345,"url":"https:\/\/i0.wp.com\/follow-us.org\/wp-content\/uploads\/2022\/05\/web2e80f.png?fit=323%2C345&ssl=1","type":"image\/png"}],"twitter_card":"summary_large_image","twitter_site":"@followus_eu","twitter_misc":{"Tempo di lettura stimato":"2 minuti"},"schema":{"@context":"https:\/\/schema.org","@graph":[{"@type":"WebPage","@id":"https:\/\/follow-us.org\/it\/","url":"https:\/\/follow-us.org\/it\/","name":"Home - Follow-us","isPartOf":{"@id":"https:\/\/follow-us.org\/it\/#website"},"primaryImageOfPage":{"@id":"https:\/\/follow-us.org\/it\/#primaryimage"},"image":{"@id":"https:\/\/follow-us.org\/#primaryimage"},"thumbnailUrl":"https:\/\/follow-us.org\/wp-content\/uploads\/2022\/05\/web2e80f.png","datePublished":"2022-05-09T18:30:37+00:00","dateModified":"2024-11-08T10:57:18+00:00","breadcrumb":{"@id":"https:\/\/follow-us.org\/it\/#breadcrumb"},"inLanguage":"it-IT","potentialAction":[{"@type":"ReadAction","target":[["https:\/\/follow-us.org\/it\/"]]}]},{"@type":"ImageObject","inLanguage":"it-IT","@id":"https:\/\/follow-us.org\/it\/#primaryimage","url":"https:\/\/follow-us.org\/wp-content\/uploads\/2022\/05\/web2e80f.png","contentUrl":"https:\/\/follow-us.org\/wp-content\/uploads\/2022\/05\/web2e80f.png"},{"@type":"BreadcrumbList","@id":"https:\/\/follow-us.org\/it\/#breadcrumb","itemListElement":[{"@type":"ListItem","position":1,"name":"Home","item":"https:\/\/follow-us.org\/it\/"},{"@type":"ListItem","position":2,"name":"Home"}]},{"@type":"WebSite","@id":"https:\/\/follow-us.org\/it\/#website","url":"https:\/\/follow-us.org\/it\/","name":"Follow-us","description":"Project","publisher":{"@id":"https:\/\/follow-us.org\/it\/#organization"},"potentialAction":[{"@type":"SearchAction","target":{"@type":"EntryPoint","urlTemplate":"https:\/\/follow-us.org\/it\/?s={search_term_string}"},"query-input":{"@type":"PropertyValueSpecification","valueRequired":true,"valueName":"search_term_string"}}],"inLanguage":"it-IT"},{"@type":"Organization","@id":"https:\/\/follow-us.org\/it\/#organization","name":"Follow US","url":"https:\/\/follow-us.org\/it\/","logo":{"@type":"ImageObject","inLanguage":"it-IT","@id":"https:\/\/follow-us.org\/it\/#\/schema\/logo\/image\/","url":"https:\/\/follow-us.org\/wp-content\/uploads\/2022\/05\/With-edges_no-background.png","contentUrl":"https:\/\/follow-us.org\/wp-content\/uploads\/2022\/05\/With-edges_no-background.png","width":2010,"height":1244,"caption":"Follow US"},"image":{"@id":"https:\/\/follow-us.org\/it\/#\/schema\/logo\/image\/"},"sameAs":["https:\/\/www.facebook.com\/followus_eu","https:\/\/x.com\/followus_eu","https:\/\/www.instagram.com\/followus_project_eu\/","https:\/\/www.linkedin.com\/company\/78685985"]}]}},"jetpack_sharing_enabled":true,"_links":{"self":[{"href":"https:\/\/follow-us.org\/it\/wp-json\/wp\/v2\/pages\/14","targetHints":{"allow":["GET"]}}],"collection":[{"href":"https:\/\/follow-us.org\/it\/wp-json\/wp\/v2\/pages"}],"about":[{"href":"https:\/\/follow-us.org\/it\/wp-json\/wp\/v2\/types\/page"}],"author":[{"embeddable":true,"href":"https:\/\/follow-us.org\/it\/wp-json\/wp\/v2\/users\/1"}],"replies":[{"embeddable":true,"href":"https:\/\/follow-us.org\/it\/wp-json\/wp\/v2\/comments?post=14"}],"version-history":[{"count":94,"href":"https:\/\/follow-us.org\/it\/wp-json\/wp\/v2\/pages\/14\/revisions"}],"predecessor-version":[{"id":934,"href":"https:\/\/follow-us.org\/it\/wp-json\/wp\/v2\/pages\/14\/revisions\/934"}],"wp:attachment":[{"href":"https:\/\/follow-us.org\/it\/wp-json\/wp\/v2\/media?parent=14"}],"curies":[{"name":"wp","href":"https:\/\/api.w.org\/{rel}","templated":true}]}}